{"id":233,"date":"2020-12-10T12:14:09","date_gmt":"2020-12-10T11:14:09","guid":{"rendered":"https:\/\/genevievefranoux.com\/?page_id=233"},"modified":"2021-05-04T12:16:13","modified_gmt":"2021-05-04T10:16:13","slug":"accueil","status":"publish","type":"page","link":"https:\/\/genevievefranoux.com\/","title":{"rendered":"Accueil"},"content":{"rendered":"\t\t<div data-elementor-type=\"wp-page\" data-elementor-id=\"233\" class=\"elementor elementor-233\">\n\t\t\t\t\t\t<div class=\"elementor-inner\">\n\t\t\t\t<div class=\"elementor-section-wrap\">\n\t\t\t\t\t\t\t\t\t<section class=\"elementor-section elementor-top-section elementor-element elementor-element-7ce0081 elementor-section-boxed elementor-section-height-default elementor-section-height-default\" data-id=\"7ce0081\" data-element_type=\"section\">\n\t\t\t\t\t\t<div class=\"elementor-container elementor-column-gap-default\">\n\t\t\t\t\t\t\t<div class=\"elementor-row\">\n\t\t\t\t\t<div class=\"elementor-column elementor-col-100 elementor-top-column elementor-element elementor-element-5864ebb\" data-id=\"5864ebb\" data-element_type=\"column\">\n\t\t\t<div class=\"elementor-column-wrap elementor-element-populated\">\n\t\t\t\t\t\t\t<div class=\"elementor-widget-wrap\">\n\t\t\t\t\t\t<div class=\"elementor-element elementor-element-4a02b4d elementor-widget elementor-widget-text-editor\" data-id=\"4a02b4d\" data-element_type=\"widget\" data-widget_type=\"text-editor.default\">\n\t\t\t\t<div class=\"elementor-widget-container\">\n\t\t\t\t\t\t\t\t<div class=\"elementor-text-editor elementor-clearfix\">\n\t\t\t\t<p style=\"text-align: center;\">Bienvenue sur le site de Genevi\u00e8ve Franoux, artiste peintre bas\u00e9e \u00e0 Aix-en-Provence<\/p>\t\t\t\t\t<\/div>\n\t\t\t\t\t\t<\/div>\n\t\t\t\t<\/div>\n\t\t\t\t\t\t<\/div>\n\t\t\t\t\t<\/div>\n\t\t<\/div>\n\t\t\t\t\t\t\t\t<\/div>\n\t\t\t\t\t<\/div>\n\t\t<\/section>\n\t\t\t\t<section class=\"elementor-section elementor-top-section elementor-element elementor-element-85025f3 elementor-section-boxed elementor-section-height-default elementor-section-height-default\" data-id=\"85025f3\" data-element_type=\"section\">\n\t\t\t\t\t\t<div class=\"elementor-container elementor-column-gap-default\">\n\t\t\t\t\t\t\t<div class=\"elementor-row\">\n\t\t\t\t\t<div class=\"elementor-column elementor-col-100 elementor-top-column elementor-element elementor-element-b37e987\" data-id=\"b37e987\" data-element_type=\"column\">\n\t\t\t<div class=\"elementor-column-wrap elementor-element-populated\">\n\t\t\t\t\t\t\t<div class=\"elementor-widget-wrap\">\n\t\t\t\t\t\t<div class=\"elementor-element elementor-element-dd9745d elementor-widget elementor-widget-heading\" data-id=\"dd9745d\" data-element_type=\"widget\" data-widget_type=\"heading.default\">\n\t\t\t\t<div class=\"elementor-widget-container\">\n\t\t\t<h2 class=\"elementor-heading-title elementor-size-default\">D\u00e9couvrir les collections<\/h2>\t\t<\/div>\n\t\t\t\t<\/div>\n\t\t\t\t\t\t<\/div>\n\t\t\t\t\t<\/div>\n\t\t<\/div>\n\t\t\t\t\t\t\t\t<\/div>\n\t\t\t\t\t<\/div>\n\t\t<\/section>\n\t\t\t\t<section class=\"elementor-section elementor-top-section elementor-element elementor-element-b8b6c39 elementor-section-boxed elementor-section-height-default elementor-section-height-default\" data-id=\"b8b6c39\" data-element_type=\"section\">\n\t\t\t\t\t\t<div class=\"elementor-container elementor-column-gap-default\">\n\t\t\t\t\t\t\t<div class=\"elementor-row\">\n\t\t\t\t\t<div class=\"elementor-column elementor-col-50 elementor-top-column elementor-element elementor-element-69c8c1d\" data-id=\"69c8c1d\" data-element_type=\"column\">\n\t\t\t<div class=\"elementor-column-wrap elementor-element-populated\">\n\t\t\t\t\t\t\t<div class=\"elementor-widget-wrap\">\n\t\t\t\t\t\t<div class=\"elementor-element elementor-element-8433945 elementor-widget elementor-widget-image\" data-id=\"8433945\" data-element_type=\"widget\" data-widget_type=\"image.default\">\n\t\t\t\t<div class=\"elementor-widget-container\">\n\t\t\t\t\t\t\t\t<div class=\"elementor-image\">\n\t\t\t\t\t\t\t\t\t<figure class=\"wp-caption\">\n\t\t\t\t\t\t\t\t\t\t\t<a href=\"https:\/\/genevievefranoux.com\/index.php\/tableaux\/collection-animaux\/\">\n\t\t\t\t\t\t\t<img loading=\"lazy\" decoding=\"async\" width=\"243\" height=\"300\" src=\"https:\/\/genevievefranoux.com\/wp-content\/uploads\/2021\/04\/160300746_3946085365448778_5286569149420791080_n-243x300.jpeg\" class=\"elementor-animation-grow attachment-medium size-medium wp-image-261\" alt=\"Cavalier en course peinture genevieve Franoux\" srcset=\"https:\/\/genevievefranoux.com\/wp-content\/uploads\/2021\/04\/160300746_3946085365448778_5286569149420791080_n-243x300.jpeg 243w, https:\/\/genevievefranoux.com\/wp-content\/uploads\/2021\/04\/160300746_3946085365448778_5286569149420791080_n-828x1024.jpeg 828w, https:\/\/genevievefranoux.com\/wp-content\/uploads\/2021\/04\/160300746_3946085365448778_5286569149420791080_n-768x950.jpeg 768w, https:\/\/genevievefranoux.com\/wp-content\/uploads\/2021\/04\/160300746_3946085365448778_5286569149420791080_n-1242x1536.jpeg 1242w, https:\/\/genevievefranoux.com\/wp-content\/uploads\/2021\/04\/160300746_3946085365448778_5286569149420791080_n.jpeg 1294w\" sizes=\"(max-width: 243px) 100vw, 243px\" \/>\t\t\t\t\t\t\t\t<\/a>\n\t\t\t\t\t\t\t\t\t\t\t<figcaption class=\"widget-image-caption wp-caption-text\">COLLECTION ANIMAUX<\/figcaption>\n\t\t\t\t\t\t\t\t\t\t<\/figure>\n\t\t\t\t\t\t\t\t<\/div>\n\t\t\t\t\t\t<\/div>\n\t\t\t\t<\/div>\n\t\t\t\t<div class=\"elementor-element elementor-element-0e31bb8 elementor-invisible elementor-widget elementor-widget-image\" data-id=\"0e31bb8\" data-element_type=\"widget\" data-settings=\"{&quot;_animation&quot;:&quot;fadeIn&quot;}\" data-widget_type=\"image.default\">\n\t\t\t\t<div class=\"elementor-widget-container\">\n\t\t\t\t\t\t\t\t<div class=\"elementor-image\">\n\t\t\t\t\t\t\t\t\t<figure class=\"wp-caption\">\n\t\t\t\t\t\t\t\t\t\t\t<a href=\"https:\/\/genevievefranoux.com\/index.php\/figuratif\/\">\n\t\t\t\t\t\t\t<img loading=\"lazy\" decoding=\"async\" width=\"241\" height=\"300\" src=\"https:\/\/genevievefranoux.com\/wp-content\/uploads\/2021\/04\/DSC0233-241x300.jpg\" class=\"elementor-animation-grow attachment-medium size-medium wp-image-292\" alt=\"L&#039;Extase Genevieve Franoux\" srcset=\"https:\/\/genevievefranoux.com\/wp-content\/uploads\/2021\/04\/DSC0233-241x300.jpg 241w, https:\/\/genevievefranoux.com\/wp-content\/uploads\/2021\/04\/DSC0233-823x1024.jpg 823w, https:\/\/genevievefranoux.com\/wp-content\/uploads\/2021\/04\/DSC0233-768x956.jpg 768w, https:\/\/genevievefranoux.com\/wp-content\/uploads\/2021\/04\/DSC0233-1235x1536.jpg 1235w, https:\/\/genevievefranoux.com\/wp-content\/uploads\/2021\/04\/DSC0233.jpg 1286w\" sizes=\"(max-width: 241px) 100vw, 241px\" \/>\t\t\t\t\t\t\t\t<\/a>\n\t\t\t\t\t\t\t\t\t\t\t<figcaption class=\"widget-image-caption wp-caption-text\">COLLECTION PORTRAITS<\/figcaption>\n\t\t\t\t\t\t\t\t\t\t<\/figure>\n\t\t\t\t\t\t\t\t<\/div>\n\t\t\t\t\t\t<\/div>\n\t\t\t\t<\/div>\n\t\t\t\t\t\t<\/div>\n\t\t\t\t\t<\/div>\n\t\t<\/div>\n\t\t\t\t<div class=\"elementor-column elementor-col-50 elementor-top-column elementor-element elementor-element-1511cd4\" data-id=\"1511cd4\" data-element_type=\"column\">\n\t\t\t<div class=\"elementor-column-wrap elementor-element-populated\">\n\t\t\t\t\t\t\t<div class=\"elementor-widget-wrap\">\n\t\t\t\t\t\t<div class=\"elementor-element elementor-element-df27061 elementor-invisible elementor-widget elementor-widget-image\" data-id=\"df27061\" data-element_type=\"widget\" data-settings=\"{&quot;_animation&quot;:&quot;fadeIn&quot;}\" data-widget_type=\"image.default\">\n\t\t\t\t<div class=\"elementor-widget-container\">\n\t\t\t\t\t\t\t\t<div class=\"elementor-image\">\n\t\t\t\t\t\t\t\t\t<figure class=\"wp-caption\">\n\t\t\t\t\t\t\t\t\t\t\t<a href=\"https:\/\/genevievefranoux.com\/index.php\/tableaux\/abstrait\/\">\n\t\t\t\t\t\t\t<img loading=\"lazy\" decoding=\"async\" width=\"248\" height=\"300\" src=\"https:\/\/genevievefranoux.com\/wp-content\/uploads\/2021\/04\/DSC0229-248x300.jpg\" class=\"elementor-animation-grow attachment-medium size-medium wp-image-291\" alt=\"\" srcset=\"https:\/\/genevievefranoux.com\/wp-content\/uploads\/2021\/04\/DSC0229-248x300.jpg 248w, https:\/\/genevievefranoux.com\/wp-content\/uploads\/2021\/04\/DSC0229-845x1024.jpg 845w, https:\/\/genevievefranoux.com\/wp-content\/uploads\/2021\/04\/DSC0229-768x930.jpg 768w, https:\/\/genevievefranoux.com\/wp-content\/uploads\/2021\/04\/DSC0229-1268x1536.jpg 1268w, https:\/\/genevievefranoux.com\/wp-content\/uploads\/2021\/04\/DSC0229.jpg 1321w\" sizes=\"(max-width: 248px) 100vw, 248px\" \/>\t\t\t\t\t\t\t\t<\/a>\n\t\t\t\t\t\t\t\t\t\t\t<figcaption class=\"widget-image-caption wp-caption-text\">COLLECTION ABSTRAIT<\/figcaption>\n\t\t\t\t\t\t\t\t\t\t<\/figure>\n\t\t\t\t\t\t\t\t<\/div>\n\t\t\t\t\t\t<\/div>\n\t\t\t\t<\/div>\n\t\t\t\t\t\t<\/div>\n\t\t\t\t\t<\/div>\n\t\t<\/div>\n\t\t\t\t\t\t\t\t<\/div>\n\t\t\t\t\t<\/div>\n\t\t<\/section>\n\t\t\t\t\t\t\t\t\t<\/div>\n\t\t\t<\/div>\n\t\t\t\t\t<\/div>\n\t\t","protected":false},"excerpt":{"rendered":"<p>Bienvenue sur le site de Genevi\u00e8ve Franoux, artiste peintre bas\u00e9e \u00e0 Aix-en-Provence D\u00e9couvrir les collections COLLECTION ANIMAUX COLLECTION PORTRAITS COLLECTION ABSTRAIT<\/p>\n","protected":false},"author":1,"featured_media":0,"parent":0,"menu_order":0,"comment_status":"closed","ping_status":"closed","template":"","meta":{"footnotes":""},"_links":{"self":[{"href":"https:\/\/genevievefranoux.com\/index.php\/wp-json\/wp\/v2\/pages\/233"}],"collection":[{"href":"https:\/\/genevievefranoux.com\/index.php\/wp-json\/wp\/v2\/pages"}],"about":[{"href":"https:\/\/genevievefranoux.com\/index.php\/wp-json\/wp\/v2\/types\/page"}],"author":[{"embeddable":true,"href":"https:\/\/genevievefranoux.com\/index.php\/wp-json\/wp\/v2\/users\/1"}],"replies":[{"embeddable":true,"href":"https:\/\/genevievefranoux.com\/index.php\/wp-json\/wp\/v2\/comments?post=233"}],"version-history":[{"count":31,"href":"https:\/\/genevievefranoux.com\/index.php\/wp-json\/wp\/v2\/pages\/233\/revisions"}],"predecessor-version":[{"id":336,"href":"https:\/\/genevievefranoux.com\/index.php\/wp-json\/wp\/v2\/pages\/233\/revisions\/336"}],"wp:attachment":[{"href":"https:\/\/genevievefranoux.com\/index.php\/wp-json\/wp\/v2\/media?parent=233"}],"curies":[{"name":"wp","href":"https:\/\/api.w.org\/{rel}","templated":true}]}}