{"id":17,"date":"2020-10-13T14:05:18","date_gmt":"2020-10-13T12:05:18","guid":{"rendered":"https:\/\/genevievefranoux.com\/?page_id=17"},"modified":"2020-12-10T12:27:21","modified_gmt":"2020-12-10T11:27:21","slug":"presse","status":"publish","type":"page","link":"https:\/\/genevievefranoux.com\/index.php\/presse\/","title":{"rendered":"Presse"},"content":{"rendered":"\t\t<div data-elementor-type=\"wp-page\" data-elementor-id=\"17\" class=\"elementor elementor-17\">\n\t\t\t\t\t\t<div class=\"elementor-inner\">\n\t\t\t\t<div class=\"elementor-section-wrap\">\n\t\t\t\t\t\t\t\t\t<section class=\"elementor-section elementor-top-section elementor-element elementor-element-59381480 elementor-section-boxed elementor-section-height-default elementor-section-height-default\" data-id=\"59381480\" data-element_type=\"section\">\n\t\t\t\t\t\t<div class=\"elementor-container elementor-column-gap-default\">\n\t\t\t\t\t\t\t<div class=\"elementor-row\">\n\t\t\t\t\t<div class=\"elementor-column elementor-col-50 elementor-top-column elementor-element elementor-element-7e30e41d\" data-id=\"7e30e41d\" data-element_type=\"column\">\n\t\t\t<div class=\"elementor-column-wrap elementor-element-populated\">\n\t\t\t\t\t\t\t<div class=\"elementor-widget-wrap\">\n\t\t\t\t\t\t<div class=\"elementor-element elementor-element-7b3eca40 elementor-invisible elementor-widget elementor-widget-text-editor\" data-id=\"7b3eca40\" data-element_type=\"widget\" data-settings=\"{&quot;_animation&quot;:&quot;fadeIn&quot;}\" data-widget_type=\"text-editor.default\">\n\t\t\t\t<div class=\"elementor-widget-container\">\n\t\t\t\t\t\t\t\t<div class=\"elementor-text-editor elementor-clearfix\">\n\t\t\t\t<!-- wp:image {\"id\":48,\"sizeSlug\":\"large\"} -->\n<figure class=\"wp-block-image size-large\"><img loading=\"lazy\" decoding=\"async\" width=\"252\" height=\"58\" src=\"https:\/\/genevievefranoux.com\/wp-content\/uploads\/2020\/10\/Capture-de\u0301cran-2018-03-07-a\u0300-16.20.30.jpg\" alt=\"\" class=\"wp-image-48\"\/><\/figure>\n<!-- \/wp:image -->\n\n<!-- wp:image {\"id\":49,\"sizeSlug\":\"large\"} -->\n<figure class=\"wp-block-image size-large\"><img loading=\"lazy\" decoding=\"async\" width=\"426\" height=\"502\" src=\"https:\/\/genevievefranoux.com\/wp-content\/uploads\/2020\/10\/Capture-de\u0301cran-2018-03-07-a\u0300-16.20.39.jpg\" alt=\"\" class=\"wp-image-49\" srcset=\"https:\/\/genevievefranoux.com\/wp-content\/uploads\/2020\/10\/Capture-de\u0301cran-2018-03-07-a\u0300-16.20.39.jpg 426w, https:\/\/genevievefranoux.com\/wp-content\/uploads\/2020\/10\/Capture-de\u0301cran-2018-03-07-a\u0300-16.20.39-255x300.jpg 255w\" sizes=\"(max-width: 426px) 100vw, 426px\" \/><\/figure>\n<!-- \/wp:image -->\t\t\t\t\t<\/div>\n\t\t\t\t\t\t<\/div>\n\t\t\t\t<\/div>\n\t\t\t\t\t\t<\/div>\n\t\t\t\t\t<\/div>\n\t\t<\/div>\n\t\t\t\t<div class=\"elementor-column elementor-col-50 elementor-top-column elementor-element elementor-element-b489d0b\" data-id=\"b489d0b\" data-element_type=\"column\">\n\t\t\t<div class=\"elementor-column-wrap elementor-element-populated\">\n\t\t\t\t\t\t\t<div class=\"elementor-widget-wrap\">\n\t\t\t\t\t\t<div class=\"elementor-element elementor-element-c21e298 elementor-widget elementor-widget-spacer\" data-id=\"c21e298\" data-element_type=\"widget\" data-widget_type=\"spacer.default\">\n\t\t\t\t<div class=\"elementor-widget-container\">\n\t\t\t\t\t<div class=\"elementor-spacer\">\n\t\t\t<div class=\"elementor-spacer-inner\"><\/div>\n\t\t<\/div>\n\t\t\t\t<\/div>\n\t\t\t\t<\/div>\n\t\t\t\t<div class=\"elementor-element elementor-element-46ccc96 elementor-invisible elementor-widget elementor-widget-text-editor\" data-id=\"46ccc96\" data-element_type=\"widget\" data-settings=\"{&quot;_animation&quot;:&quot;fadeIn&quot;}\" data-widget_type=\"text-editor.default\">\n\t\t\t\t<div class=\"elementor-widget-container\">\n\t\t\t\t\t\t\t\t<div class=\"elementor-text-editor elementor-clearfix\">\n\t\t\t\t<h4><span style=\"color: #000000;\"><em>Journal <strong>La Provence<\/strong>, Mars 2018<\/em><\/span><\/h4>\n<h5><strong>Genevi\u00e8ve Franoux s&rsquo;accroche \u00e0 Aix<\/strong><\/h5>\n<p>Apr\u00e8s un d\u00e9tour par la publicit\u00e9, Genevi\u00e8ve Franoux revient \u00e0 ses premi\u00e8res amours, la peinture et le dessin. Ses tableaux, figuratifs ou abstraits captent la lumi\u00e8re. C&rsquo;est \u00e0 Aix qu&rsquo;elle expose seule pour la premi\u00e8re fois.<\/p>\n<p><em>Jusqu&rsquo;au 15 mars.<\/em><\/p>\n<p><em>Galerie des Amis des Arts (10h \u00e0 19h30) 26 cours Mirabeau<\/em><\/p>\t\t\t\t\t<\/div>\n\t\t\t\t\t\t<\/div>\n\t\t\t\t<\/div>\n\t\t\t\t\t\t<\/div>\n\t\t\t\t\t<\/div>\n\t\t<\/div>\n\t\t\t\t\t\t\t\t<\/div>\n\t\t\t\t\t<\/div>\n\t\t<\/section>\n\t\t\t\t\t\t\t\t\t<\/div>\n\t\t\t<\/div>\n\t\t\t\t\t<\/div>\n\t\t","protected":false},"excerpt":{"rendered":"<p>Journal La Provence, Mars 2018 Genevi\u00e8ve Franoux s&rsquo;accroche \u00e0 Aix Apr\u00e8s un d\u00e9tour par la publicit\u00e9, Genevi\u00e8ve Franoux revient \u00e0 ses premi\u00e8res amours, la peinture et le dessin. Ses tableaux, figuratifs ou abstraits captent la lumi\u00e8re. C&rsquo;est \u00e0 Aix qu&rsquo;elle expose seule pour la premi\u00e8re &hellip; <a href=\"https:\/\/genevievefranoux.com\/index.php\/presse\/\" class=\"more-link\"><span>Voir la suite<span class=\"screen-reader-text\">Presse<\/span><\/span><\/a><\/p>\n","protected":false},"author":1,"featured_media":0,"parent":0,"menu_order":0,"comment_status":"closed","ping_status":"closed","template":"","meta":{"footnotes":""},"_links":{"self":[{"href":"https:\/\/genevievefranoux.com\/index.php\/wp-json\/wp\/v2\/pages\/17"}],"collection":[{"href":"https:\/\/genevievefranoux.com\/index.php\/wp-json\/wp\/v2\/pages"}],"about":[{"href":"https:\/\/genevievefranoux.com\/index.php\/wp-json\/wp\/v2\/types\/page"}],"author":[{"embeddable":true,"href":"https:\/\/genevievefranoux.com\/index.php\/wp-json\/wp\/v2\/users\/1"}],"replies":[{"embeddable":true,"href":"https:\/\/genevievefranoux.com\/index.php\/wp-json\/wp\/v2\/comments?post=17"}],"version-history":[{"count":5,"href":"https:\/\/genevievefranoux.com\/index.php\/wp-json\/wp\/v2\/pages\/17\/revisions"}],"predecessor-version":[{"id":244,"href":"https:\/\/genevievefranoux.com\/index.php\/wp-json\/wp\/v2\/pages\/17\/revisions\/244"}],"wp:attachment":[{"href":"https:\/\/genevievefranoux.com\/index.php\/wp-json\/wp\/v2\/media?parent=17"}],"curies":[{"name":"wp","href":"https:\/\/api.w.org\/{rel}","templated":true}]}}